{"id":653,"date":"2017-01-27T23:14:35","date_gmt":"2017-01-27T22:14:35","guid":{"rendered":"http:\/\/constructionguysebas.bravad-dev.com\/realisations\/commerciales\/quartier-st-elie\/"},"modified":"2017-05-15T16:11:54","modified_gmt":"2017-05-15T15:11:54","slug":"quartier-st-elie","status":"publish","type":"page","link":"https:\/\/guysebas.com\/en\/realisations\/commercial\/quartier-st-elie\/","title":{"rendered":"Quartier St-\u00c9lie"},"content":{"rendered":"","protected":false},"excerpt":{"rendered":"","protected":false},"author":1,"featured_media":0,"parent":647,"menu_order":0,"comment_status":"closed","ping_status":"closed","template":"templates\/realisation-complete.php","meta":{"_acf_changed":false,"footnotes":""},"class_list":["post-653","page","type-page","status-publish","hentry"],"acf":[],"yoast_head":"<!-- This site is optimized with the Yoast SEO plugin v27.1.1 - https:\/\/yoast.com\/product\/yoast-seo-wordpress\/ -->\n<title>Quartier St-\u00c9lie - Construction Guy Sebas<\/title>\n<meta name=\"description\" content=\"Guy S\u00e9bas designed and built this commercial building at Quartier St-\u00c9lie in Sherbrooke, as turnkey project.\" \/>\n<meta name=\"robots\" content=\"index, follow, max-snippet:-1, max-image-preview:large, max-video-preview:-1\" \/>\n<link rel=\"canonical\" href=\"https:\/\/guysebas.com\/en\/realisations\/commercial\/quartier-st-elie\/\" \/>\n<meta property=\"og:locale\" content=\"en_US\" \/>\n<meta property=\"og:type\" content=\"article\" \/>\n<meta property=\"og:title\" content=\"Quartier St-\u00c9lie - Construction Guy Sebas\" \/>\n<meta property=\"og:description\" content=\"Guy S\u00e9bas designed and built this commercial building at Quartier St-\u00c9lie in Sherbrooke, as turnkey project.\" \/>\n<meta property=\"og:url\" content=\"https:\/\/guysebas.com\/en\/realisations\/commercial\/quartier-st-elie\/\" \/>\n<meta property=\"og:site_name\" content=\"Construction Guy Sebas\" \/>\n<meta property=\"article:modified_time\" content=\"2017-05-15T15:11:54+00:00\" \/>\n<meta property=\"og:image\" content=\"http:\/\/constructionguysebas.bravad-dev.com\/wp-content\/uploads\/2017\/01\/facebook-1.jpg\" \/>\n<meta name=\"twitter:card\" content=\"summary_large_image\" \/>\n<script type=\"application\/ld+json\" class=\"yoast-schema-graph\">{\"@context\":\"https:\/\/schema.org\",\"@graph\":[{\"@type\":\"WebPage\",\"@id\":\"https:\/\/guysebas.com\/en\/realisations\/commercial\/quartier-st-elie\/\",\"url\":\"https:\/\/guysebas.com\/en\/realisations\/commercial\/quartier-st-elie\/\",\"name\":\"Quartier St-\u00c9lie - Construction Guy Sebas\",\"isPartOf\":{\"@id\":\"https:\/\/guysebas.com\/en\/#website\"},\"datePublished\":\"2017-01-27T22:14:35+00:00\",\"dateModified\":\"2017-05-15T15:11:54+00:00\",\"description\":\"Guy S\u00e9bas designed and built this commercial building at Quartier St-\u00c9lie in Sherbrooke, as turnkey project.\",\"breadcrumb\":{\"@id\":\"https:\/\/guysebas.com\/en\/realisations\/commercial\/quartier-st-elie\/#breadcrumb\"},\"inLanguage\":\"en-US\",\"potentialAction\":[{\"@type\":\"ReadAction\",\"target\":[\"https:\/\/guysebas.com\/en\/realisations\/commercial\/quartier-st-elie\/\"]}]},{\"@type\":\"BreadcrumbList\",\"@id\":\"https:\/\/guysebas.com\/en\/realisations\/commercial\/quartier-st-elie\/#breadcrumb\",\"itemListElement\":[{\"@type\":\"ListItem\",\"position\":1,\"name\":\"Home\",\"item\":\"https:\/\/guysebas.com\/en\/\"},{\"@type\":\"ListItem\",\"position\":2,\"name\":\"R\u00e9alisations\",\"item\":\"https:\/\/guysebas.com\/en\/realisations\/\"},{\"@type\":\"ListItem\",\"position\":3,\"name\":\"Commercial\",\"item\":\"https:\/\/guysebas.com\/en\/realisations\/commerciales\/\"},{\"@type\":\"ListItem\",\"position\":4,\"name\":\"Quartier St-\u00c9lie\"}]},{\"@type\":\"WebSite\",\"@id\":\"https:\/\/guysebas.com\/en\/#website\",\"url\":\"https:\/\/guysebas.com\/en\/\",\"name\":\"Construction Guy Sebas\",\"description\":\"Un site utilisant WordPress\",\"potentialAction\":[{\"@type\":\"SearchAction\",\"target\":{\"@type\":\"EntryPoint\",\"urlTemplate\":\"https:\/\/guysebas.com\/en\/?s={search_term_string}\"},\"query-input\":{\"@type\":\"PropertyValueSpecification\",\"valueRequired\":true,\"valueName\":\"search_term_string\"}}],\"inLanguage\":\"en-US\"}]}<\/script>\n<!-- \/ Yoast SEO plugin. -->","yoast_head_json":{"title":"Quartier St-\u00c9lie - Construction Guy Sebas","description":"Guy S\u00e9bas designed and built this commercial building at Quartier St-\u00c9lie in Sherbrooke, as turnkey project.","robots":{"index":"index","follow":"follow","max-snippet":"max-snippet:-1","max-image-preview":"max-image-preview:large","max-video-preview":"max-video-preview:-1"},"canonical":"https:\/\/guysebas.com\/en\/realisations\/commercial\/quartier-st-elie\/","og_locale":"en_US","og_type":"article","og_title":"Quartier St-\u00c9lie - Construction Guy Sebas","og_description":"Guy S\u00e9bas designed and built this commercial building at Quartier St-\u00c9lie in Sherbrooke, as turnkey project.","og_url":"https:\/\/guysebas.com\/en\/realisations\/commercial\/quartier-st-elie\/","og_site_name":"Construction Guy Sebas","article_modified_time":"2017-05-15T15:11:54+00:00","og_image":[{"url":"http:\/\/constructionguysebas.bravad-dev.com\/wp-content\/uploads\/2017\/01\/facebook-1.jpg","type":"","width":"","height":""}],"twitter_card":"summary_large_image","schema":{"@context":"https:\/\/schema.org","@graph":[{"@type":"WebPage","@id":"https:\/\/guysebas.com\/en\/realisations\/commercial\/quartier-st-elie\/","url":"https:\/\/guysebas.com\/en\/realisations\/commercial\/quartier-st-elie\/","name":"Quartier St-\u00c9lie - Construction Guy Sebas","isPartOf":{"@id":"https:\/\/guysebas.com\/en\/#website"},"datePublished":"2017-01-27T22:14:35+00:00","dateModified":"2017-05-15T15:11:54+00:00","description":"Guy S\u00e9bas designed and built this commercial building at Quartier St-\u00c9lie in Sherbrooke, as turnkey project.","breadcrumb":{"@id":"https:\/\/guysebas.com\/en\/realisations\/commercial\/quartier-st-elie\/#breadcrumb"},"inLanguage":"en-US","potentialAction":[{"@type":"ReadAction","target":["https:\/\/guysebas.com\/en\/realisations\/commercial\/quartier-st-elie\/"]}]},{"@type":"BreadcrumbList","@id":"https:\/\/guysebas.com\/en\/realisations\/commercial\/quartier-st-elie\/#breadcrumb","itemListElement":[{"@type":"ListItem","position":1,"name":"Home","item":"https:\/\/guysebas.com\/en\/"},{"@type":"ListItem","position":2,"name":"R\u00e9alisations","item":"https:\/\/guysebas.com\/en\/realisations\/"},{"@type":"ListItem","position":3,"name":"Commercial","item":"https:\/\/guysebas.com\/en\/realisations\/commerciales\/"},{"@type":"ListItem","position":4,"name":"Quartier St-\u00c9lie"}]},{"@type":"WebSite","@id":"https:\/\/guysebas.com\/en\/#website","url":"https:\/\/guysebas.com\/en\/","name":"Construction Guy Sebas","description":"Un site utilisant WordPress","potentialAction":[{"@type":"SearchAction","target":{"@type":"EntryPoint","urlTemplate":"https:\/\/guysebas.com\/en\/?s={search_term_string}"},"query-input":{"@type":"PropertyValueSpecification","valueRequired":true,"valueName":"search_term_string"}}],"inLanguage":"en-US"}]}},"_links":{"self":[{"href":"https:\/\/guysebas.com\/en\/wp-json\/wp\/v2\/pages\/653","targetHints":{"allow":["GET"]}}],"collection":[{"href":"https:\/\/guysebas.com\/en\/wp-json\/wp\/v2\/pages"}],"about":[{"href":"https:\/\/guysebas.com\/en\/wp-json\/wp\/v2\/types\/page"}],"author":[{"embeddable":true,"href":"https:\/\/guysebas.com\/en\/wp-json\/wp\/v2\/users\/1"}],"replies":[{"embeddable":true,"href":"https:\/\/guysebas.com\/en\/wp-json\/wp\/v2\/comments?post=653"}],"version-history":[{"count":0,"href":"https:\/\/guysebas.com\/en\/wp-json\/wp\/v2\/pages\/653\/revisions"}],"up":[{"embeddable":true,"href":"https:\/\/guysebas.com\/en\/wp-json\/wp\/v2\/pages\/647"}],"wp:attachment":[{"href":"https:\/\/guysebas.com\/en\/wp-json\/wp\/v2\/media?parent=653"}],"curies":[{"name":"wp","href":"https:\/\/api.w.org\/{rel}","templated":true}]}}